{"id":6085,"date":"2026-02-16T17:06:54","date_gmt":"2026-02-16T17:06:54","guid":{"rendered":"http:\/\/vedrunapamplona.es\/2epvedruna\/?page_id=6085"},"modified":"2026-02-16T17:17:56","modified_gmt":"2026-02-16T17:17:56","slug":"metodo-singapur","status":"publish","type":"page","link":"http:\/\/vedrunapamplona.es\/2epvedruna\/para-padres\/metodo-singapur\/","title":{"rendered":"M\u00e9todo Singapur"},"content":{"rendered":"\n<p>SENTIDO NUM\u00c9RICO Y VALOR POSICIONAL<\/p>\n\n\n\n<figure class=\"wp-block-embed is-type-video is-provider-youtube wp-block-embed-youtube wp-embed-aspect-16-9 wp-has-aspect-ratio\"><div class=\"wp-block-embed__wrapper\">\n<iframe loading=\"lazy\" title=\"M\u00e9todo Singapur. \u00bfQu\u00e9 es el sentido num\u00e9rico?\" width=\"560\" height=\"315\" src=\"https:\/\/www.youtube.com\/embed\/GGVN6ceiGgM?feature=oembed\" frameborder=\"0\" allow=\"accelerometer; autoplay; clipboard-write; encrypted-media; gyroscope; picture-in-picture; web-share\" referrerpolicy=\"strict-origin-when-cross-origin\" allowfullscreen><\/iframe>\n<\/div><\/figure>\n\n\n\n<figure class=\"wp-block-embed is-type-video is-provider-youtube wp-block-embed-youtube wp-embed-aspect-16-9 wp-has-aspect-ratio\"><div class=\"wp-block-embed__wrapper\">\n<iframe loading=\"lazy\" title=\"M\u00e9todo Singapur. \u00bfQu\u00e9 es el valor de posici\u00f3n?\" width=\"560\" height=\"315\" src=\"https:\/\/www.youtube.com\/embed\/_J8l7vs1SiE?feature=oembed\" frameborder=\"0\" allow=\"accelerometer; autoplay; clipboard-write; encrypted-media; gyroscope; picture-in-picture; web-share\" referrerpolicy=\"strict-origin-when-cross-origin\" allowfullscreen><\/iframe>\n<\/div><\/figure>\n\n\n\n<p>SUMA Y RESTA<\/p>\n\n\n\n<figure class=\"wp-block-embed is-type-video is-provider-youtube wp-block-embed-youtube wp-embed-aspect-16-9 wp-has-aspect-ratio\"><div class=\"wp-block-embed__wrapper\">\n<iframe loading=\"lazy\" title=\"M\u00e9todo Singapur. La suma para primero y segundo de primaria.\" width=\"560\" height=\"315\" src=\"https:\/\/www.youtube.com\/embed\/xoj4OSswLKQ?start=177&#038;feature=oembed\" frameborder=\"0\" allow=\"accelerometer; autoplay; clipboard-write; encrypted-media; gyroscope; picture-in-picture; web-share\" referrerpolicy=\"strict-origin-when-cross-origin\" allowfullscreen><\/iframe>\n<\/div><\/figure>\n\n\n\n<figure class=\"wp-block-embed is-type-video is-provider-youtube wp-block-embed-youtube wp-embed-aspect-16-9 wp-has-aspect-ratio\"><div class=\"wp-block-embed__wrapper\">\n<iframe loading=\"lazy\" title=\"M\u00e9todo Singapur. La resta para 1\u00ba y 2\u00ba de Primaria\" width=\"560\" height=\"315\" src=\"https:\/\/www.youtube.com\/embed\/Cxka-kj06Ng?feature=oembed\" frameborder=\"0\" allow=\"accelerometer; autoplay; clipboard-write; encrypted-media; gyroscope; picture-in-picture; web-share\" referrerpolicy=\"strict-origin-when-cross-origin\" allowfullscreen><\/iframe>\n<\/div><\/figure>\n\n\n\n<p>MULTIPLICACI\u00d3N<\/p>\n\n\n\n<figure class=\"wp-block-embed is-type-video is-provider-youtube wp-block-embed-youtube wp-embed-aspect-16-9 wp-has-aspect-ratio\"><div class=\"wp-block-embed__wrapper\">\n<iframe loading=\"lazy\" title=\"M\u00e9todo Singapur. La multiplicaci\u00f3n en segundo de primaria\" width=\"560\" height=\"315\" src=\"https:\/\/www.youtube.com\/embed\/-4kZVsJfUdY?feature=oembed\" frameborder=\"0\" allow=\"accelerometer; autoplay; clipboard-write; encrypted-media; gyroscope; picture-in-picture; web-share\" referrerpolicy=\"strict-origin-when-cross-origin\" allowfullscreen><\/iframe>\n<\/div><\/figure>\n\n\n\n<p>DIVISI\u00d3N<\/p>\n\n\n\n<figure class=\"wp-block-embed is-type-video is-provider-youtube wp-block-embed-youtube wp-embed-aspect-16-9 wp-has-aspect-ratio\"><div class=\"wp-block-embed__wrapper\">\n<iframe loading=\"lazy\" title=\"M\u00e9todo Singapur. C\u00f3mo trabajar la divisi\u00f3n en segundo de Primaria\" width=\"560\" height=\"315\" src=\"https:\/\/www.youtube.com\/embed\/vQALMoA3WmQ?feature=oembed\" frameborder=\"0\" allow=\"accelerometer; autoplay; clipboard-write; encrypted-media; gyroscope; picture-in-picture; web-share\" referrerpolicy=\"strict-origin-when-cross-origin\" allowfullscreen><\/iframe>\n<\/div><\/figure>\n","protected":false},"excerpt":{"rendered":"<p>SENTIDO NUM\u00c9RICO Y VALOR POSICIONAL SUMA Y RESTA MULTIPLICACI\u00d3N DIVISI\u00d3N<\/p>\n","protected":false},"author":1,"featured_media":0,"parent":538,"menu_order":0,"comment_status":"closed","ping_status":"closed","template":"","meta":{"footnotes":""},"class_list":["post-6085","page","type-page","status-publish","hentry"],"post_mailing_queue_ids":[],"_links":{"self":[{"href":"http:\/\/vedrunapamplona.es\/2epvedruna\/wp-json\/wp\/v2\/pages\/6085","targetHints":{"allow":["GET"]}}],"collection":[{"href":"http:\/\/vedrunapamplona.es\/2epvedruna\/wp-json\/wp\/v2\/pages"}],"about":[{"href":"http:\/\/vedrunapamplona.es\/2epvedruna\/wp-json\/wp\/v2\/types\/page"}],"author":[{"embeddable":true,"href":"http:\/\/vedrunapamplona.es\/2epvedruna\/wp-json\/wp\/v2\/users\/1"}],"replies":[{"embeddable":true,"href":"http:\/\/vedrunapamplona.es\/2epvedruna\/wp-json\/wp\/v2\/comments?post=6085"}],"version-history":[{"count":3,"href":"http:\/\/vedrunapamplona.es\/2epvedruna\/wp-json\/wp\/v2\/pages\/6085\/revisions"}],"predecessor-version":[{"id":6089,"href":"http:\/\/vedrunapamplona.es\/2epvedruna\/wp-json\/wp\/v2\/pages\/6085\/revisions\/6089"}],"up":[{"embeddable":true,"href":"http:\/\/vedrunapamplona.es\/2epvedruna\/wp-json\/wp\/v2\/pages\/538"}],"wp:attachment":[{"href":"http:\/\/vedrunapamplona.es\/2epvedruna\/wp-json\/wp\/v2\/media?parent=6085"}],"curies":[{"name":"wp","href":"https:\/\/api.w.org\/{rel}","templated":true}]}}