{"id":5230,"date":"2023-10-13T07:53:59","date_gmt":"2023-10-13T07:53:59","guid":{"rendered":"http:\/\/vedrunapamplona.es\/2epvedruna\/?page_id=5230"},"modified":"2023-10-13T07:55:02","modified_gmt":"2023-10-13T07:55:02","slug":"cuento-el-punto","status":"publish","type":"page","link":"http:\/\/vedrunapamplona.es\/2epvedruna\/para-padres\/cuento-el-punto\/","title":{"rendered":"Cuento \u00abEl punto\u00bb"},"content":{"rendered":"\n<p><strong><em>A veces solo necesitamos sembrar la semilla de la confianza en nuestros hijos\/alumnos y dejar germinar sus propios procesos de creaci\u00f3n y as\u00ed, ellos realizar\u00e1n un aprendizaje realmente significativo.<\/em><\/strong><\/p>\n\n\n\n<p>Aqu\u00ed os dejo el enlace&#8230;<\/p>\n\n\n\n<div class=\"wp-block-image\"><figure class=\"alignleft\"><a href=\"https:\/\/www.youtube.com\/watch?v=-3NLjd8zzYw\"><img loading=\"lazy\" decoding=\"async\" width=\"300\" height=\"224\" src=\"http:\/\/vedrunapamplona.es\/2epvedruna\/wp-content\/uploads\/2017\/02\/EL-PUNTO-300x224.png\" alt=\"EL PUNTO\" class=\"wp-image-591\" srcset=\"http:\/\/vedrunapamplona.es\/2epvedruna\/wp-content\/uploads\/2017\/02\/EL-PUNTO-300x224.png 300w, http:\/\/vedrunapamplona.es\/2epvedruna\/wp-content\/uploads\/2017\/02\/EL-PUNTO-768x574.png 768w, http:\/\/vedrunapamplona.es\/2epvedruna\/wp-content\/uploads\/2017\/02\/EL-PUNTO-100x75.png 100w, http:\/\/vedrunapamplona.es\/2epvedruna\/wp-content\/uploads\/2017\/02\/EL-PUNTO.png 783w\" sizes=\"auto, (max-width: 300px) 100vw, 300px\" \/><\/a><\/figure><\/div>\n","protected":false},"excerpt":{"rendered":"<p>A veces solo necesitamos sembrar la semilla de la confianza en nuestros hijos\/alumnos y dejar germinar sus propios procesos de creaci\u00f3n y as\u00ed, ellos realizar\u00e1n un aprendizaje realmente significativo. Aqu\u00ed os dejo el enlace&#8230;<\/p>\n","protected":false},"author":1,"featured_media":0,"parent":538,"menu_order":0,"comment_status":"closed","ping_status":"closed","template":"","meta":{"footnotes":""},"class_list":["post-5230","page","type-page","status-publish","hentry"],"post_mailing_queue_ids":[],"_links":{"self":[{"href":"http:\/\/vedrunapamplona.es\/2epvedruna\/wp-json\/wp\/v2\/pages\/5230","targetHints":{"allow":["GET"]}}],"collection":[{"href":"http:\/\/vedrunapamplona.es\/2epvedruna\/wp-json\/wp\/v2\/pages"}],"about":[{"href":"http:\/\/vedrunapamplona.es\/2epvedruna\/wp-json\/wp\/v2\/types\/page"}],"author":[{"embeddable":true,"href":"http:\/\/vedrunapamplona.es\/2epvedruna\/wp-json\/wp\/v2\/users\/1"}],"replies":[{"embeddable":true,"href":"http:\/\/vedrunapamplona.es\/2epvedruna\/wp-json\/wp\/v2\/comments?post=5230"}],"version-history":[{"count":2,"href":"http:\/\/vedrunapamplona.es\/2epvedruna\/wp-json\/wp\/v2\/pages\/5230\/revisions"}],"predecessor-version":[{"id":5232,"href":"http:\/\/vedrunapamplona.es\/2epvedruna\/wp-json\/wp\/v2\/pages\/5230\/revisions\/5232"}],"up":[{"embeddable":true,"href":"http:\/\/vedrunapamplona.es\/2epvedruna\/wp-json\/wp\/v2\/pages\/538"}],"wp:attachment":[{"href":"http:\/\/vedrunapamplona.es\/2epvedruna\/wp-json\/wp\/v2\/media?parent=5230"}],"curies":[{"name":"wp","href":"https:\/\/api.w.org\/{rel}","templated":true}]}}