{"id":5221,"date":"2023-10-13T07:43:01","date_gmt":"2023-10-13T07:43:01","guid":{"rendered":"http:\/\/vedrunapamplona.es\/2epvedruna\/?page_id=5221"},"modified":"2023-10-13T07:43:31","modified_gmt":"2023-10-13T07:43:31","slug":"ampliacion","status":"publish","type":"page","link":"http:\/\/vedrunapamplona.es\/2epvedruna\/ampliacion\/","title":{"rendered":"AMPLIACI\u00d3N"},"content":{"rendered":"\n<h2 class=\"wp-block-heading\"><\/h2>\n\n\n\n<h3 class=\"wp-block-heading\">En este apartado encontrar\u00e1s ejercicios y actividades de ampliaci\u00f3n de las diferentes \u00e1reas. \u00a1No te quedes con las ganas!<\/h3>\n\n\n\n<figure class=\"wp-block-image size-large is-resized\"><img loading=\"lazy\" decoding=\"async\" src=\"http:\/\/vedrunapamplona.es\/2epvedruna\/wp-content\/uploads\/2023\/10\/recurso348.jpeg\" alt=\"\" class=\"wp-image-5222\" width=\"840\" height=\"489\" srcset=\"http:\/\/vedrunapamplona.es\/2epvedruna\/wp-content\/uploads\/2023\/10\/recurso348.jpeg 623w, http:\/\/vedrunapamplona.es\/2epvedruna\/wp-content\/uploads\/2023\/10\/recurso348-300x175.jpeg 300w\" sizes=\"auto, (max-width: 840px) 100vw, 840px\" \/><\/figure>\n","protected":false},"excerpt":{"rendered":"<p>En este apartado encontrar\u00e1s ejercicios y actividades de ampliaci\u00f3n de las diferentes \u00e1reas. \u00a1No te quedes con las ganas!<\/p>\n","protected":false},"author":1,"featured_media":0,"parent":0,"menu_order":0,"comment_status":"closed","ping_status":"closed","template":"","meta":{"footnotes":""},"class_list":["post-5221","page","type-page","status-publish","hentry"],"post_mailing_queue_ids":[],"_links":{"self":[{"href":"http:\/\/vedrunapamplona.es\/2epvedruna\/wp-json\/wp\/v2\/pages\/5221","targetHints":{"allow":["GET"]}}],"collection":[{"href":"http:\/\/vedrunapamplona.es\/2epvedruna\/wp-json\/wp\/v2\/pages"}],"about":[{"href":"http:\/\/vedrunapamplona.es\/2epvedruna\/wp-json\/wp\/v2\/types\/page"}],"author":[{"embeddable":true,"href":"http:\/\/vedrunapamplona.es\/2epvedruna\/wp-json\/wp\/v2\/users\/1"}],"replies":[{"embeddable":true,"href":"http:\/\/vedrunapamplona.es\/2epvedruna\/wp-json\/wp\/v2\/comments?post=5221"}],"version-history":[{"count":2,"href":"http:\/\/vedrunapamplona.es\/2epvedruna\/wp-json\/wp\/v2\/pages\/5221\/revisions"}],"predecessor-version":[{"id":5224,"href":"http:\/\/vedrunapamplona.es\/2epvedruna\/wp-json\/wp\/v2\/pages\/5221\/revisions\/5224"}],"wp:attachment":[{"href":"http:\/\/vedrunapamplona.es\/2epvedruna\/wp-json\/wp\/v2\/media?parent=5221"}],"curies":[{"name":"wp","href":"https:\/\/api.w.org\/{rel}","templated":true}]}}