{"id":4320,"date":"2022-11-17T19:05:22","date_gmt":"2022-11-17T19:05:22","guid":{"rendered":"http:\/\/vedrunapamplona.es\/2epvedruna\/?page_id=4320"},"modified":"2023-10-13T07:58:56","modified_gmt":"2023-10-13T07:58:56","slug":"retos-matematicos","status":"publish","type":"page","link":"http:\/\/vedrunapamplona.es\/2epvedruna\/ampliacion\/retos-matematicos\/","title":{"rendered":"Retos matem\u00e1ticos"},"content":{"rendered":"\n<p class=\"has-pale-cyan-blue-background-color has-background\"><strong>\u00bfTE ATREVES CON UNOS RETOS MATEM\u00c1TICOS?<\/strong><\/p>\n\n\n\n<p>Te recomiendo buscar un cuaderno que tengas por casa para poder ir poniendo cada reto en una p\u00e1gina. No son retos f\u00e1ciles que puedas hacer de cabeza, \u00a1vas a necesitar papel y l\u00e1piz!<\/p>\n\n\n\n<p><strong>Si quieres empezar a jugar, debes pedir la contrase\u00f1a del RETO 1 a tu profesor\/a de matem\u00e1ticas.<\/strong><\/p>\n\n\n\n<figure class=\"wp-block-image size-large\"><a href=\"https:\/\/view.genial.ly\/6376733ace00b10018e6d87b\/interactive-content-retos-matematicas-2o-primaria\"><img loading=\"lazy\" decoding=\"async\" width=\"1024\" height=\"640\" src=\"http:\/\/vedrunapamplona.es\/2epvedruna\/wp-content\/uploads\/2022\/11\/Captura-de-pantalla-2022-11-17-a-las-20.01.35-1024x640.png\" alt=\"\" class=\"wp-image-4321\" srcset=\"http:\/\/vedrunapamplona.es\/2epvedruna\/wp-content\/uploads\/2022\/11\/Captura-de-pantalla-2022-11-17-a-las-20.01.35-1024x640.png 1024w, http:\/\/vedrunapamplona.es\/2epvedruna\/wp-content\/uploads\/2022\/11\/Captura-de-pantalla-2022-11-17-a-las-20.01.35-300x188.png 300w, http:\/\/vedrunapamplona.es\/2epvedruna\/wp-content\/uploads\/2022\/11\/Captura-de-pantalla-2022-11-17-a-las-20.01.35-768x480.png 768w, http:\/\/vedrunapamplona.es\/2epvedruna\/wp-content\/uploads\/2022\/11\/Captura-de-pantalla-2022-11-17-a-las-20.01.35-1536x960.png 1536w, http:\/\/vedrunapamplona.es\/2epvedruna\/wp-content\/uploads\/2022\/11\/Captura-de-pantalla-2022-11-17-a-las-20.01.35-2048x1280.png 2048w\" sizes=\"auto, (max-width: 1024px) 100vw, 1024px\" \/><\/a><\/figure>\n\n\n\n<p class=\"has-small-font-size\"><\/p>\n","protected":false},"excerpt":{"rendered":"<p>\u00bfTE ATREVES CON UNOS RETOS MATEM\u00c1TICOS? Te recomiendo buscar un cuaderno que tengas por casa para poder ir poniendo cada reto en una p\u00e1gina. No son retos f\u00e1ciles que puedas hacer de cabeza, \u00a1vas a necesitar papel y l\u00e1piz! Si quieres empezar a jugar, debes pedir la contrase\u00f1a del RETO 1 a tu profesor\/a de [&hellip;]<\/p>\n","protected":false},"author":1,"featured_media":0,"parent":5221,"menu_order":0,"comment_status":"closed","ping_status":"closed","template":"","meta":{"footnotes":""},"class_list":["post-4320","page","type-page","status-publish","hentry"],"post_mailing_queue_ids":[],"_links":{"self":[{"href":"http:\/\/vedrunapamplona.es\/2epvedruna\/wp-json\/wp\/v2\/pages\/4320","targetHints":{"allow":["GET"]}}],"collection":[{"href":"http:\/\/vedrunapamplona.es\/2epvedruna\/wp-json\/wp\/v2\/pages"}],"about":[{"href":"http:\/\/vedrunapamplona.es\/2epvedruna\/wp-json\/wp\/v2\/types\/page"}],"author":[{"embeddable":true,"href":"http:\/\/vedrunapamplona.es\/2epvedruna\/wp-json\/wp\/v2\/users\/1"}],"replies":[{"embeddable":true,"href":"http:\/\/vedrunapamplona.es\/2epvedruna\/wp-json\/wp\/v2\/comments?post=4320"}],"version-history":[{"count":3,"href":"http:\/\/vedrunapamplona.es\/2epvedruna\/wp-json\/wp\/v2\/pages\/4320\/revisions"}],"predecessor-version":[{"id":5241,"href":"http:\/\/vedrunapamplona.es\/2epvedruna\/wp-json\/wp\/v2\/pages\/4320\/revisions\/5241"}],"up":[{"embeddable":true,"href":"http:\/\/vedrunapamplona.es\/2epvedruna\/wp-json\/wp\/v2\/pages\/5221"}],"wp:attachment":[{"href":"http:\/\/vedrunapamplona.es\/2epvedruna\/wp-json\/wp\/v2\/media?parent=4320"}],"curies":[{"name":"wp","href":"https:\/\/api.w.org\/{rel}","templated":true}]}}