{"id":244,"date":"2016-11-22T20:34:18","date_gmt":"2016-11-22T20:34:18","guid":{"rendered":"http:\/\/vedrunapamplona.es\/2epvedruna\/?page_id=244"},"modified":"2023-10-13T07:58:19","modified_gmt":"2023-10-13T07:58:19","slug":"refuerzo-de-ingles","status":"publish","type":"page","link":"http:\/\/vedrunapamplona.es\/2epvedruna\/refuerzo\/refuerzo-de-ingles\/","title":{"rendered":"Refuerzo ingl\u00e9s"},"content":{"rendered":"<h2 style=\"text-align: center;\">\u00bfQui\u00e9n se apunta a trabajar&nbsp;un poquito de ingl\u00e9s todas las semanas?<\/h2>\n<h2 style=\"text-align: center;\">\u00a1\u00a1\u00a1\u00a1Estoy segura de que todos lo vais a hacer!!!!<\/h2>\n<p>Pod\u00e9is utilizar:<\/p>\n<ul>\n<li>La plataforma <a href=\"http:\/\/english.kuaderno.com\/p\/vedrunafec\">Kuaderno&nbsp;<\/a><\/li>\n<li>V\u00eddeos colgados en el blog<\/li>\n<li>P\u00e1gina web: <a href=\"https:\/\/learnenglishkids.britishcouncil.org\/es\">https:\/\/learnenglishkids.britishcouncil.org\/es<\/a><\/li>\n<li>Dibujos animados a trav\u00e9s de esta p\u00e1gina&nbsp;<a href=\"http:\/\/www.rtve.es\/infantil\/ingles\/\">http:\/\/www.rtve.es\/infantil\/ingles\/<\/a><\/li>\n<li>Pel\u00edculas que os gusten<\/li>\n<li>Libros de lectura sencillos<\/li>\n<\/ul>\n<p>&nbsp;<\/p>\n<p>&nbsp;<\/p>\n<p>&nbsp;<\/p>\n","protected":false},"excerpt":{"rendered":"<p>\u00bfQui\u00e9n se apunta a trabajar&nbsp;un poquito de ingl\u00e9s todas las semanas? \u00a1\u00a1\u00a1\u00a1Estoy segura de que todos lo vais a hacer!!!! Pod\u00e9is utilizar: La plataforma Kuaderno&nbsp; V\u00eddeos colgados en el blog P\u00e1gina web: https:\/\/learnenglishkids.britishcouncil.org\/es Dibujos animados a trav\u00e9s de esta p\u00e1gina&nbsp;http:\/\/www.rtve.es\/infantil\/ingles\/ Pel\u00edculas que os gusten Libros de lectura sencillos &nbsp; &nbsp; &nbsp;<\/p>\n","protected":false},"author":1,"featured_media":0,"parent":5236,"menu_order":0,"comment_status":"closed","ping_status":"closed","template":"","meta":{"footnotes":""},"class_list":["post-244","page","type-page","status-publish","hentry"],"post_mailing_queue_ids":[],"_links":{"self":[{"href":"http:\/\/vedrunapamplona.es\/2epvedruna\/wp-json\/wp\/v2\/pages\/244","targetHints":{"allow":["GET"]}}],"collection":[{"href":"http:\/\/vedrunapamplona.es\/2epvedruna\/wp-json\/wp\/v2\/pages"}],"about":[{"href":"http:\/\/vedrunapamplona.es\/2epvedruna\/wp-json\/wp\/v2\/types\/page"}],"author":[{"embeddable":true,"href":"http:\/\/vedrunapamplona.es\/2epvedruna\/wp-json\/wp\/v2\/users\/1"}],"replies":[{"embeddable":true,"href":"http:\/\/vedrunapamplona.es\/2epvedruna\/wp-json\/wp\/v2\/comments?post=244"}],"version-history":[{"count":4,"href":"http:\/\/vedrunapamplona.es\/2epvedruna\/wp-json\/wp\/v2\/pages\/244\/revisions"}],"predecessor-version":[{"id":5239,"href":"http:\/\/vedrunapamplona.es\/2epvedruna\/wp-json\/wp\/v2\/pages\/244\/revisions\/5239"}],"up":[{"embeddable":true,"href":"http:\/\/vedrunapamplona.es\/2epvedruna\/wp-json\/wp\/v2\/pages\/5236"}],"wp:attachment":[{"href":"http:\/\/vedrunapamplona.es\/2epvedruna\/wp-json\/wp\/v2\/media?parent=244"}],"curies":[{"name":"wp","href":"https:\/\/api.w.org\/{rel}","templated":true}]}}